{"id":417,"date":"2025-06-20T08:05:05","date_gmt":"2025-06-20T08:05:05","guid":{"rendered":"https:\/\/docwach.com\/?page_id=417"},"modified":"2026-03-05T19:54:24","modified_gmt":"2026-03-05T19:54:24","slug":"foot-doctor-and-podiatrist-in-west-valley","status":"publish","type":"page","link":"https:\/\/docwach.com\/es\/foot-doctor-and-podiatrist-in-west-valley\/","title":{"rendered":"Doctor de pies y podiatra en West Valley City"},"content":{"rendered":"<div data-elementor-type=\"wp-page\" data-elementor-id=\"417\" class=\"elementor elementor-417\" data-elementor-post-type=\"page\">\n\t\t\t\t<div class=\"elementor-element elementor-element-d51be21 e-flex e-con-boxed e-con e-parent\" data-id=\"d51be21\" data-element_type=\"container\" data-e-type=\"container\">\n\t\t\t\t\t<div class=\"e-con-inner\">\n\t\t<div class=\"elementor-element elementor-element-30dc494 e-con-full e-flex e-con e-child\" data-id=\"30dc494\" data-element_type=\"container\" data-e-type=\"container\">\n\t\t\t\t<div class=\"elementor-element elementor-element-6f66a8e elementor-widget elementor-widget-text-editor\" data-id=\"6f66a8e\" data-element_type=\"widget\" data-e-type=\"widget\" data-widget_type=\"text-editor.default\">\n\t\t\t\t<div class=\"elementor-widget-container\">\n\t\t\t\t\t\t\t\t\t<p><span style=\"font-weight: 400;\">Conf\u00ede en que el <\/span><a href=\"https:\/\/docwach.com\/es\/\"><span style=\"font-weight: 400;\">Dr. Michael Wach<\/span><\/a><span style=\"font-weight: 400;\"> le brindar\u00e1 atenci\u00f3n integral de pies y tobillos a pacientes en West Valley City y Orem, Utah. Desde <\/span><span style=\"font-weight: 400;\">tratamiento de u\u00f1as encarnadas<\/span><span style=\"font-weight: 400;\"> a terapias l\u00e1ser avanzadas contra hongos en las u\u00f1as de los pies, estamos aqu\u00ed para ayudarle a dar el siguiente paso con confianza.<\/span><\/p>\t\t\t\t\t\t\t\t<\/div>\n\t\t\t\t<\/div>\n\t\t\t\t<div class=\"elementor-element elementor-element-b0f0cb7 elementor-mobile-align-center elementor-align-center elementor-widget elementor-widget-button\" data-id=\"b0f0cb7\" data-element_type=\"widget\" data-e-type=\"widget\" data-widget_type=\"button.default\">\n\t\t\t\t<div class=\"elementor-widget-container\">\n\t\t\t\t\t\t\t\t\t<div class=\"elementor-button-wrapper\">\n\t\t\t\t\t<a class=\"elementor-button elementor-button-link elementor-size-sm\" href=\"tel:385-236-6166\">\n\t\t\t\t\t\t<span class=\"elementor-button-content-wrapper\">\n\t\t\t\t\t\t\t\t\t<span class=\"elementor-button-text\">Llame (385) 236-6166 <\/span>\n\t\t\t\t\t<\/span>\n\t\t\t\t\t<\/a>\n\t\t\t\t<\/div>\n\t\t\t\t\t\t\t\t<\/div>\n\t\t\t\t<\/div>\n\t\t\t\t<\/div>\n\t\t\t\t\t<\/div>\n\t\t\t\t<\/div>\n\t\t<div class=\"elementor-element elementor-element-a82c676 e-flex e-con-boxed e-con e-parent\" data-id=\"a82c676\" data-element_type=\"container\" data-e-type=\"container\">\n\t\t\t\t\t<div class=\"e-con-inner\">\n\t\t<div class=\"elementor-element elementor-element-71b04fb e-con-full e-flex e-con e-child\" data-id=\"71b04fb\" data-element_type=\"container\" data-e-type=\"container\">\n\t\t\t\t<div class=\"elementor-element elementor-element-ba8a893 elementor-widget elementor-widget-heading\" data-id=\"ba8a893\" data-element_type=\"widget\" data-e-type=\"widget\" data-widget_type=\"heading.default\">\n\t\t\t\t<div class=\"elementor-widget-container\">\n\t\t\t\t\t<h2 class=\"elementor-heading-title elementor-size-default\">Cuidado Integral del Pie y del Tobillo<\/h2>\t\t\t\t<\/div>\n\t\t\t\t<\/div>\n\t\t\t\t<div class=\"elementor-element elementor-element-435ee75 elementor-widget elementor-widget-text-editor\" data-id=\"435ee75\" data-element_type=\"widget\" data-e-type=\"widget\" data-widget_type=\"text-editor.default\">\n\t\t\t\t<div class=\"elementor-widget-container\">\n\t\t\t\t\t\t\t\t\t<p>Sus pies le acompa\u00f1an en la vida y merecen el mejor cuidado. Ya sea que sufra de dolor persistente en el tal\u00f3n o busque un tratamiento l\u00e1ser avanzado para hongos en las u\u00f1as de los pies, el Dr. Michael Wach y su equipo de expertos est\u00e1n listos para ayudarle. Ubicados en West Valley City y Orem, ofrecemos soluciones personalizadas para aliviar sus molestias y mejorar la funci\u00f3n de sus pies.<\/p>\t\t\t\t\t\t\t\t<\/div>\n\t\t\t\t<\/div>\n\t\t\t\t<\/div>\n\t\t<div class=\"elementor-element elementor-element-b1c2e14 e-flex e-con-boxed e-con e-child\" data-id=\"b1c2e14\" data-element_type=\"container\" data-e-type=\"container\">\n\t\t\t\t\t<div class=\"e-con-inner\">\n\t\t\t\t<div class=\"elementor-element elementor-element-941ad16 elementor-widget elementor-widget-image\" data-id=\"941ad16\" data-element_type=\"widget\" data-e-type=\"widget\" data-widget_type=\"image.default\">\n\t\t\t\t<div class=\"elementor-widget-container\">\n\t\t\t\t\t\t\t\t\t\t\t\t\t\t\t<img fetchpriority=\"high\" decoding=\"async\" width=\"675\" height=\"450\" src=\"https:\/\/docwach.com\/wp-content\/uploads\/2025\/06\/Toenail-Treatment.jpg\" class=\"attachment-medium_large size-medium_large wp-image-422\" alt=\"Toenail treatment\" srcset=\"https:\/\/docwach.com\/wp-content\/uploads\/2025\/06\/Toenail-Treatment.jpg 675w, https:\/\/docwach.com\/wp-content\/uploads\/2025\/06\/Toenail-Treatment-300x200.jpg 300w, https:\/\/docwach.com\/wp-content\/uploads\/2025\/06\/Toenail-Treatment-18x12.jpg 18w\" sizes=\"(max-width: 675px) 100vw, 675px\" \/>\t\t\t\t\t\t\t\t\t\t\t\t\t\t\t<\/div>\n\t\t\t\t<\/div>\n\t\t\t\t\t<\/div>\n\t\t\t\t<\/div>\n\t\t\t\t\t<\/div>\n\t\t\t\t<\/div>\n\t\t<div class=\"elementor-element elementor-element-dcf8f99 e-flex e-con-boxed e-con e-parent\" data-id=\"dcf8f99\" data-element_type=\"container\" data-e-type=\"container\">\n\t\t\t\t\t<div class=\"e-con-inner\">\n\t\t<div class=\"elementor-element elementor-element-f800784 e-con-full e-flex e-con e-child\" data-id=\"f800784\" data-element_type=\"container\" data-e-type=\"container\">\n\t\t\t\t<div class=\"elementor-element elementor-element-55e5315 elementor-widget elementor-widget-text-editor\" data-id=\"55e5315\" data-element_type=\"widget\" data-e-type=\"widget\" data-widget_type=\"text-editor.default\">\n\t\t\t\t<div class=\"elementor-widget-container\">\n\t\t\t\t\t\t\t\t\t<h3>Nuestros servicios incluyen:<\/h3><ul><li style=\"padding: 24px 0 0;\"><b>Tratamiento de u\u00f1as encarnadas<\/b>: Obtenga un alivio r\u00e1pido de las u\u00f1as de los pies dolorosas o infectadas con <a href=\"https:\/\/docwach.com\/es\/ingrown-toenail-treatment\/\">nuestros m\u00e9todos suaves y precisos.<\/a>.\u00a0<\/li><li style=\"padding: 24px 0 0;\"><b>Tratamiento l\u00e1ser para hongos en las u\u00f1as de los pies<\/b>: <a href=\"https:\/\/docwach.com\/es\/lunula-laser\/\">Tecnolog\u00eda L\u00e1ser Avanzada<\/a> act\u00faa sobre las infecciones por hongos, proporcionando resultados efectivos y seguros.\u00a0<\/li><li style=\"padding: 24px 0 0;\"><b>Tratamiento del dolor de tal\u00f3n:<\/b>Planes de atenci\u00f3n personalizados para tratar el dolor de tal\u00f3n causado por fascitis plantar u otras afecciones.\u00a0<\/li><li style=\"padding: 24px 0 0;\"><b>Servicios generales de Cuidado de los Pies:<\/b> Desde chequeos de rutina hasta atenci\u00f3n especializada, cubrimos una amplia gama de necesidades podol\u00f3gicas.\u00a0<\/li><\/ul><p>\u00a0<\/p><p>En nuestra cl\u00ednica de West Valley, combinamos experiencia con compasi\u00f3n para crear un entorno de curaci\u00f3n c\u00f3modo y efectivo.<\/p>\t\t\t\t\t\t\t\t<\/div>\n\t\t\t\t<\/div>\n\t\t\t\t<\/div>\n\t\t\t\t\t<\/div>\n\t\t\t\t<\/div>\n\t\t<div class=\"elementor-element elementor-element-6055611 e-flex e-con-boxed e-con e-parent\" data-id=\"6055611\" data-element_type=\"container\" data-e-type=\"container\">\n\t\t\t\t\t<div class=\"e-con-inner\">\n\t\t<div class=\"elementor-element elementor-element-268f992 e-con-full e-flex e-con e-child\" data-id=\"268f992\" data-element_type=\"container\" data-e-type=\"container\">\n\t\t\t\t<div class=\"elementor-element elementor-element-381c301 elementor-widget elementor-widget-heading\" data-id=\"381c301\" data-element_type=\"widget\" data-e-type=\"widget\" data-widget_type=\"heading.default\">\n\t\t\t\t<div class=\"elementor-widget-container\">\n\t\t\t\t\t<h2 class=\"elementor-heading-title elementor-size-default\">\u00bfPor Qu\u00e9 Elegir al Dr. Michael Wach? <\/h2>\t\t\t\t<\/div>\n\t\t\t\t<\/div>\n\t\t\t\t<div class=\"elementor-element elementor-element-8827979 elementor-widget elementor-widget-text-editor\" data-id=\"8827979\" data-element_type=\"widget\" data-e-type=\"widget\" data-widget_type=\"text-editor.default\">\n\t\t\t\t<div class=\"elementor-widget-container\">\n\t\t\t\t\t\t\t\t\t<h3>Experiencia en la Que Puede Confiar<\/h3><p>El Dr. Michael Wach aporta a\u00f1os de experiencia en atenci\u00f3n podi\u00e1trica, garantizando que los pacientes reciban tratamientos de primer nivel y soluciones integrales para cada problema relacionado con los pies.<\/p><h3>T\u00e9cnicas Avanzadas<\/h3><p>Utilizamos herramientas de diagn\u00f3stico innovadoras y tratamientos avanzados, incluyendo procedimientos m\u00ednimamente invasivos y tecnolog\u00eda l\u00e1ser de \u00faltima generaci\u00f3n.<\/p><h3>Ubicaciones Convenientes<\/h3><p>Con oficinas en West Valley City y Orem, la atenci\u00f3n podi\u00e1trica de calidad est\u00e1 a la vuelta de la esquina.<\/p><h3>Un Enfoque Centrado en el Paciente<\/h3><p>En nuestro consultorio, usted es m\u00e1s que un paciente: adaptamos nuestra atenci\u00f3n para satisfacer sus necesidades espec\u00edficas y ayudarle a lograr una salud de los pies a largo plazo.<\/p>\t\t\t\t\t\t\t\t<\/div>\n\t\t\t\t<\/div>\n\t\t\t\t<\/div>\n\t\t\t\t\t<\/div>\n\t\t\t\t<\/div>\n\t\t<div class=\"elementor-element elementor-element-75bf8d3 e-flex e-con-boxed e-con e-parent\" data-id=\"75bf8d3\" data-element_type=\"container\" data-e-type=\"container\">\n\t\t\t\t\t<div class=\"e-con-inner\">\n\t\t<div class=\"elementor-element elementor-element-827ee07 e-con-full e-flex e-con e-child\" data-id=\"827ee07\" data-element_type=\"container\" data-e-type=\"container\">\n\t\t\t\t<div class=\"elementor-element elementor-element-acf644b elementor-widget elementor-widget-heading\" data-id=\"acf644b\" data-element_type=\"widget\" data-e-type=\"widget\" data-widget_type=\"heading.default\">\n\t\t\t\t<div class=\"elementor-widget-container\">\n\t\t\t\t\t<h2 class=\"elementor-heading-title elementor-size-default\">Programe Su Visita Hoy<\/h2>\t\t\t\t<\/div>\n\t\t\t\t<\/div>\n\t\t\t\t<div class=\"elementor-element elementor-element-146e8c7 elementor-widget elementor-widget-text-editor\" data-id=\"146e8c7\" data-element_type=\"widget\" data-e-type=\"widget\" data-widget_type=\"text-editor.default\">\n\t\t\t\t<div class=\"elementor-widget-container\">\n\t\t\t\t\t\t\t\t\t<p><span style=\"font-weight: 400;\">Aliviar el dolor de pies est\u00e1 a solo una cita. No espere a que las molestias afecten su vida diaria.\u00a0<\/span><\/p><p class=\"translation-block\">D\u00e9 el primer paso hacia unos pies m\u00e1s sanos con el Dr. Michael Wach, su podiatra de confianza en West Valley City y Orem. \u00a1Los d\u00edas sin dolor est\u00e1n a su alcance!<\/p>\t\t\t\t\t\t\t\t<\/div>\n\t\t\t\t<\/div>\n\t\t\t\t<div class=\"elementor-element elementor-element-6ea483e elementor-mobile-align-center elementor-align-center elementor-widget elementor-widget-button\" data-id=\"6ea483e\" data-element_type=\"widget\" data-e-type=\"widget\" data-widget_type=\"button.default\">\n\t\t\t\t<div class=\"elementor-widget-container\">\n\t\t\t\t\t\t\t\t\t<div class=\"elementor-button-wrapper\">\n\t\t\t\t\t<a class=\"elementor-button elementor-button-link elementor-size-xs\" href=\"https:\/\/maps.app.goo.gl\/hco83bSniWTDWE8W7\">\n\t\t\t\t\t\t<span class=\"elementor-button-content-wrapper\">\n\t\t\t\t\t\t\t\t\t<span class=\"elementor-button-text\">Obtener direcciones: (3280 W 3500 S Ste. C, West Valley City UT, 84119)<\/span>\n\t\t\t\t\t<\/span>\n\t\t\t\t\t<\/a>\n\t\t\t\t<\/div>\n\t\t\t\t\t\t\t\t<\/div>\n\t\t\t\t<\/div>\n\t\t\t\t<\/div>\n\t\t\t\t\t<\/div>\n\t\t\t\t<\/div>\n\t\t<div class=\"elementor-element elementor-element-ca8899a e-flex e-con-boxed e-con e-parent\" data-id=\"ca8899a\" data-element_type=\"container\" data-e-type=\"container\">\n\t\t\t\t\t<div class=\"e-con-inner\">\n\t\t\t\t<div class=\"elementor-element elementor-element-549b04a elementor-widget elementor-widget-google_maps\" data-id=\"549b04a\" data-element_type=\"widget\" data-e-type=\"widget\" data-widget_type=\"google_maps.default\">\n\t\t\t\t<div class=\"elementor-widget-container\">\n\t\t\t\t\t\t\t<div class=\"elementor-custom-embed\">\n\t\t\t<iframe loading=\"lazy\"\n\t\t\t\t\tsrc=\"https:\/\/maps.google.com\/maps?q=Michael%20L.%20Wach%2C%20DPM&#038;t=m&#038;z=10&#038;output=embed&#038;iwloc=near\"\n\t\t\t\t\ttitle=\"Michael L. Wach, DPM\"\n\t\t\t\t\taria-label=\"Michael L. Wach, DPM\"\n\t\t\t><\/iframe>\n\t\t<\/div>\n\t\t\t\t\t\t<\/div>\n\t\t\t\t<\/div>\n\t\t\t\t\t<\/div>\n\t\t\t\t<\/div>\n\t\t\t\t<\/div>","protected":false},"excerpt":{"rendered":"<p>Trust Dr. Michael Wach to provide comprehensive foot and ankle care for patients in West Valley City and Orem, UT. From ingrown toenail treatment to advanced laser fungal nail therapies, we\u2019re here to help you take the next confident step. Call (385) 236-6166 Comprehensive Foot and Ankle Care Your feet carry you through life, and [&hellip;]<\/p>\n","protected":false},"author":173,"featured_media":70,"parent":0,"menu_order":0,"comment_status":"closed","ping_status":"closed","template":"","meta":{"slim_seo":{"title":"Foot Doctor and Podiatrist in West Valley | Dr. Michael Wach","description":"At our practice, we prioritize the patient's needs and work towards achieving long-term foot health. Contact us today to learn more about our services!"},"footnotes":""},"class_list":["post-417","page","type-page","status-publish","has-post-thumbnail","hentry"],"_links":{"self":[{"href":"https:\/\/docwach.com\/es\/wp-json\/wp\/v2\/pages\/417","targetHints":{"allow":["GET"]}}],"collection":[{"href":"https:\/\/docwach.com\/es\/wp-json\/wp\/v2\/pages"}],"about":[{"href":"https:\/\/docwach.com\/es\/wp-json\/wp\/v2\/types\/page"}],"author":[{"embeddable":true,"href":"https:\/\/docwach.com\/es\/wp-json\/wp\/v2\/users\/173"}],"replies":[{"embeddable":true,"href":"https:\/\/docwach.com\/es\/wp-json\/wp\/v2\/comments?post=417"}],"version-history":[{"count":22,"href":"https:\/\/docwach.com\/es\/wp-json\/wp\/v2\/pages\/417\/revisions"}],"predecessor-version":[{"id":731,"href":"https:\/\/docwach.com\/es\/wp-json\/wp\/v2\/pages\/417\/revisions\/731"}],"wp:featuredmedia":[{"embeddable":true,"href":"https:\/\/docwach.com\/es\/wp-json\/wp\/v2\/media\/70"}],"wp:attachment":[{"href":"https:\/\/docwach.com\/es\/wp-json\/wp\/v2\/media?parent=417"}],"curies":[{"name":"wp","href":"https:\/\/api.w.org\/{rel}","templated":true}]}}